{"id":51,"date":"2026-03-09T21:12:52","date_gmt":"2026-03-09T21:12:52","guid":{"rendered":"https:\/\/gdhcreativo.mx\/?page_id=51"},"modified":"2026-03-09T21:18:53","modified_gmt":"2026-03-09T21:18:53","slug":"que-hacemos","status":"publish","type":"page","link":"https:\/\/gdhcreativo.mx\/index.php\/que-hacemos\/","title":{"rendered":"Que hacemos\u2026"},"content":{"rendered":"\n<p>Solucionamos las necesidades del cliente mediante an\u00e1lisis en cuanto a comunicaci\u00f3n y dise\u00f1o propios de la marca, Identificando la mejor alternativa para cumplir con sus expectativas, abarcando el dise\u00f1o y producci\u00f3n arquitect\u00f3nico, dise\u00f1o y producci\u00f3n de mobiliario, dise\u00f1o gr\u00e1fico y producci\u00f3n de impresos\u2026<\/p>\n\n\n\n<p><\/p>\n","protected":false},"excerpt":{"rendered":"<p>Solucionamos las necesidades del cliente mediante an\u00e1lisis en cuanto a comunicaci\u00f3n y dise\u00f1o propios de la marca, Identificando la mejor alternativa para cumplir con sus expectativas, abarcando el dise\u00f1o y producci\u00f3n arquitect\u00f3nico, dise\u00f1o y producci\u00f3n de mobiliario, dise\u00f1o gr\u00e1fico y producci\u00f3n de impresos\u2026<\/p>\n","protected":false},"author":1,"featured_media":0,"parent":0,"menu_order":0,"comment_status":"closed","ping_status":"closed","template":"","meta":{"footnotes":""},"class_list":["post-51","page","type-page","status-publish","hentry"],"_links":{"self":[{"href":"https:\/\/gdhcreativo.mx\/index.php\/wp-json\/wp\/v2\/pages\/51","targetHints":{"allow":["GET"]}}],"collection":[{"href":"https:\/\/gdhcreativo.mx\/index.php\/wp-json\/wp\/v2\/pages"}],"about":[{"href":"https:\/\/gdhcreativo.mx\/index.php\/wp-json\/wp\/v2\/types\/page"}],"author":[{"embeddable":true,"href":"https:\/\/gdhcreativo.mx\/index.php\/wp-json\/wp\/v2\/users\/1"}],"replies":[{"embeddable":true,"href":"https:\/\/gdhcreativo.mx\/index.php\/wp-json\/wp\/v2\/comments?post=51"}],"version-history":[{"count":1,"href":"https:\/\/gdhcreativo.mx\/index.php\/wp-json\/wp\/v2\/pages\/51\/revisions"}],"predecessor-version":[{"id":52,"href":"https:\/\/gdhcreativo.mx\/index.php\/wp-json\/wp\/v2\/pages\/51\/revisions\/52"}],"wp:attachment":[{"href":"https:\/\/gdhcreativo.mx\/index.php\/wp-json\/wp\/v2\/media?parent=51"}],"curies":[{"name":"wp","href":"https:\/\/api.w.org\/{rel}","templated":true}]}}